{"id":3122,"date":"2023-02-27T11:05:45","date_gmt":"2023-02-27T08:05:45","guid":{"rendered":"https:\/\/vipsan.com.tr\/?post_type=product&#038;p=3122"},"modified":"2025-06-07T18:28:25","modified_gmt":"2025-06-07T15:28:25","slug":"kivircik-paspas","status":"publish","type":"product","link":"https:\/\/vipsan.com.tr\/index.php\/urun\/kivircik-paspas\/","title":{"rendered":"K\u0131v\u0131rc\u0131k Paspas"},"content":{"rendered":"\t\t<div data-elementor-type=\"product-post\" data-elementor-id=\"3122\" class=\"elementor elementor-3122\">\n\t\t\t\t\t\t<section class=\"elementor-section elementor-top-section elementor-element elementor-element-b0ea854 elementor-section-boxed elementor-section-height-default elementor-section-height-default\" data-id=\"b0ea854\" data-element_type=\"section\">\n\t\t\t\t\t\t<div class=\"elementor-container elementor-column-gap-default\">\n\t\t\t\t\t<div class=\"elementor-column elementor-col-100 elementor-top-column elementor-element elementor-element-72ed141\" data-id=\"72ed141\" data-element_type=\"column\">\n\t\t\t<div class=\"elementor-widget-wrap\">\n\t\t\t\t\t\t\t<\/div>\n\t\t<\/div>\n\t\t\t\t\t<\/div>\n\t\t<\/section>\n\t\t\t\t<\/div>\n\t\t","protected":false},"excerpt":{"rendered":"","protected":false},"featured_media":3119,"comment_status":"open","ping_status":"closed","template":"","meta":[],"product_cat":[57,75],"product_tag":[],"class_list":{"0":"post-3122","1":"product","2":"type-product","3":"status-publish","4":"has-post-thumbnail","6":"product_cat-aluminyum-paspaslar","7":"product_cat-kivircik-paspapas","9":"first","10":"instock","11":"shipping-taxable","12":"product-type-simple"},"aioseo_notices":[],"_links":{"self":[{"href":"https:\/\/vipsan.com.tr\/index.php\/wp-json\/wp\/v2\/product\/3122","targetHints":{"allow":["GET"]}}],"collection":[{"href":"https:\/\/vipsan.com.tr\/index.php\/wp-json\/wp\/v2\/product"}],"about":[{"href":"https:\/\/vipsan.com.tr\/index.php\/wp-json\/wp\/v2\/types\/product"}],"replies":[{"embeddable":true,"href":"https:\/\/vipsan.com.tr\/index.php\/wp-json\/wp\/v2\/comments?post=3122"}],"version-history":[{"count":4,"href":"https:\/\/vipsan.com.tr\/index.php\/wp-json\/wp\/v2\/product\/3122\/revisions"}],"predecessor-version":[{"id":3126,"href":"https:\/\/vipsan.com.tr\/index.php\/wp-json\/wp\/v2\/product\/3122\/revisions\/3126"}],"wp:featuredmedia":[{"embeddable":true,"href":"https:\/\/vipsan.com.tr\/index.php\/wp-json\/wp\/v2\/media\/3119"}],"wp:attachment":[{"href":"https:\/\/vipsan.com.tr\/index.php\/wp-json\/wp\/v2\/media?parent=3122"}],"wp:term":[{"taxonomy":"product_cat","embeddable":true,"href":"https:\/\/vipsan.com.tr\/index.php\/wp-json\/wp\/v2\/product_cat?post=3122"},{"taxonomy":"product_tag","embeddable":true,"href":"https:\/\/vipsan.com.tr\/index.php\/wp-json\/wp\/v2\/product_tag?post=3122"}],"curies":[{"name":"wp","href":"https:\/\/api.w.org\/{rel}","templated":true}]}}