{"id":2549,"date":"2023-02-13T16:56:07","date_gmt":"2023-02-13T13:56:07","guid":{"rendered":"https:\/\/vipsan.com.tr\/?post_type=product&#038;p=2549"},"modified":"2024-05-24T16:00:28","modified_gmt":"2024-05-24T13:00:28","slug":"urgup","status":"publish","type":"product","link":"https:\/\/vipsan.com.tr\/index.php\/urun\/urgup\/","title":{"rendered":"\u00dcrg\u00fcp"},"content":{"rendered":"\t\t<div data-elementor-type=\"product-post\" data-elementor-id=\"2549\" class=\"elementor elementor-2549\">\n\t\t\t\t\t\t<section class=\"elementor-section elementor-top-section elementor-element elementor-element-7f1c5ce elementor-section-boxed elementor-section-height-default elementor-section-height-default\" data-id=\"7f1c5ce\" data-element_type=\"section\">\n\t\t\t\t\t\t<div class=\"elementor-container elementor-column-gap-default\">\n\t\t\t\t\t<div class=\"elementor-column elementor-col-100 elementor-top-column elementor-element elementor-element-629d0a0\" data-id=\"629d0a0\" data-element_type=\"column\">\n\t\t\t<div class=\"elementor-widget-wrap elementor-element-populated\">\n\t\t\t\t\t\t<div class=\"elementor-element elementor-element-11ad856 elementor-widget elementor-widget-html\" data-id=\"11ad856\" data-element_type=\"widget\" data-widget_type=\"html.default\">\n\t\t\t\t<div class=\"elementor-widget-container\">\n\t\t\t<table style=\"width:75%\">\r\n  <tr>\r\n    <th>\u00dcr\u00fcn Ad\u0131 <\/th>\r\n    <td>\t\r\n\r\n\t\r\n\t\r\n\t\r\nKAPADOKYA \/ \u00dcrg\u00fcp (F25)\r\nKlasik \u015eerit F\u0131r\u00e7al\u0131 \u0130\u00e7ser<\/td>\r\n  <\/tr>\r\n  <tr>\r\n    <th>\r\n\u00dcr\u00fcn detay\u0131 <\/th>\r\n    <td>\t\r\n\t\r\nAl\u00fcminyum profil ta\u015f\u0131y\u0131c\u0131l\u0131, tekstil y\u00fczeyli, \u015ferit k\u0131l f\u0131r\u00e7ayla desteklenmi\u015f paspas.\r\n\r\n<\/td>\r\n  <\/tr>\r\n \r\n  <tr>\r\n    <th>\u00dcst Y\u00fczey<\/th>\r\n    <td>\t\r\n\t\r\nKir ve nem tutucu \u00f6zellikli \u00e7elik tabanl\u0131 hal\u0131,\r\n<\/td>\r\n  <\/tr>\r\n   <tr>\r\n    <th>Alt Y\u00fczey<\/th>\r\n    <td>\t\r\n\t\r\nKayma ve ses yapmay\u0131 \u00f6nleyici PVC \u015ferit kapl\u0131.\r\n<\/td>\r\n  <\/tr>\r\n    <\/tr>\r\n   <tr>\r\n    <th>Kullan\u0131m Alan\u0131<\/th>\r\n    <td>\t\r\n\t\r\nB\u00fct\u00fcn i\u00e7 mek\u00e2n giri\u015flerinde.<\/td>\r\n  <\/tr>\r\n     <tr>\r\n    <th>Ba\u011flant\u0131 Sistemleri<\/th>\r\n    <td>\t\r\n\t\t\r\nKod gidericili \u00fcr\u00fcnlerde korozyona dayan\u0131kl\u0131 \u00e7elik tel, Rulo olabilir \u00fcr\u00fcnlerde korozyona dayan\u0131kl\u0131 PVC kapl\u0131 \u00e7elik halatlarla montaj yap\u0131lmaktad\u0131r.<\/td>\r\n  <\/tr>\r\n     <tr>\r\n    <th>\r\nToplam Y\u00fckseklik<\/th>\r\n    <td>\t\r\n\t\r\n\t\r\n\t\r\n23 \u2013 2 mm<\/td>\r\n  <\/tr>\r\n       <tr>\r\n    <th>\r\nA\u011f\u0131rl\u0131k<\/th>\r\n    <td>\t\r\n14 kg\/m\u00b2<\/td>\r\n  <\/tr>\r\n  \r\n<\/table>\r\n\r\n<\/body>\r\n<\/html>\t\t<\/div>\n\t\t\t\t<\/div>\n\t\t\t\t\t<\/div>\n\t\t<\/div>\n\t\t\t\t\t<\/div>\n\t\t<\/section>\n\t\t\t\t<\/div>\n\t\t","protected":false},"excerpt":{"rendered":"<div id='gallery-1' class='gallery galleryid-2549 gallery-columns-5 gallery-size-medium'><figure class='gallery-item'>\n\t\t\t<div class='gallery-icon landscape'>\n\t\t\t\t<img width=\"200\" height=\"80\" src=\"https:\/\/vipsan.com.tr\/wp-content\/uploads\/2023\/02\/siyah.jpg\" class=\"attachment-medium size-medium\" alt=\"\" aria-describedby=\"gallery-1-3165\" decoding=\"async\" \/>\n\t\t\t<\/div>\n\t\t\t\t<figcaption class='wp-caption-text gallery-caption' id='gallery-1-3165'>\n\t\t\t\tSiyah\n\t\t\t\t<\/figcaption><\/figure><figure class='gallery-item'>\n\t\t\t<div class='gallery-icon landscape'>\n\t\t\t\t<img width=\"200\" height=\"80\" src=\"https:\/\/vipsan.com.tr\/wp-content\/uploads\/2023\/02\/gri.jpg\" class=\"attachment-medium size-medium\" alt=\"\" aria-describedby=\"gallery-1-3163\" decoding=\"async\" \/>\n\t\t\t<\/div>\n\t\t\t\t<figcaption class='wp-caption-text gallery-caption' id='gallery-1-3163'>\n\t\t\t\tGri\n\t\t\t\t<\/figcaption><\/figure><figure class='gallery-item'>\n\t\t\t<div class='gallery-icon landscape'>\n\t\t\t\t<img width=\"200\" height=\"80\" src=\"https:\/\/vipsan.com.tr\/wp-content\/uploads\/2023\/02\/boncuk-mavi.jpg\" class=\"attachment-medium size-medium\" alt=\"\" aria-describedby=\"gallery-1-3162\" decoding=\"async\" \/>\n\t\t\t<\/div>\n\t\t\t\t<figcaption class='wp-caption-text gallery-caption' id='gallery-1-3162'>\n\t\t\t\tBoncuk Mavi\n\t\t\t\t<\/figcaption><\/figure><figure class='gallery-item'>\n\t\t\t<div class='gallery-icon landscape'>\n\t\t\t\t<img loading=\"lazy\" width=\"200\" height=\"80\" src=\"https:\/\/vipsan.com.tr\/wp-content\/uploads\/2023\/02\/tarcin.jpg\" class=\"attachment-medium size-medium\" alt=\"\" aria-describedby=\"gallery-1-3166\" decoding=\"async\" \/>\n\t\t\t<\/div>\n\t\t\t\t<figcaption class='wp-caption-text gallery-caption' id='gallery-1-3166'>\n\t\t\t\tTar\u00e7\u0131n\n\t\t\t\t<\/figcaption><\/figure><figure class='gallery-item'>\n\t\t\t<div class='gallery-icon landscape'>\n\t\t\t\t<img loading=\"lazy\" width=\"200\" height=\"80\" src=\"https:\/\/vipsan.com.tr\/wp-content\/uploads\/2023\/02\/kirmizi.jpg\" class=\"attachment-medium size-medium\" alt=\"\" aria-describedby=\"gallery-1-3164\" decoding=\"async\" \/>\n\t\t\t<\/div>\n\t\t\t\t<figcaption class='wp-caption-text gallery-caption' id='gallery-1-3164'>\n\t\t\t\tK\u0131rm\u0131z\u0131\n\t\t\t\t<\/figcaption><\/figure>\n\t\t<\/div>\n\r\n\r\n<img loading=\"lazy\" decoding=\"async\" class=\"alignnone wp-image-3181 size-large\" src=\"https:\/\/vipsan.com.tr\/wp-content\/uploads\/2023\/02\/urgup-1024x173.jpg\" alt=\"\" width=\"1024\" height=\"173\" srcset=\"https:\/\/vipsan.com.tr\/wp-content\/uploads\/2023\/02\/urgup-1024x173.jpg 1024w, https:\/\/vipsan.com.tr\/wp-content\/uploads\/2023\/02\/urgup-300x51.jpg 300w, https:\/\/vipsan.com.tr\/wp-content\/uploads\/2023\/02\/urgup-768x130.jpg 768w, https:\/\/vipsan.com.tr\/wp-content\/uploads\/2023\/02\/urgup-280x47.jpg 280w, https:\/\/vipsan.com.tr\/wp-content\/uploads\/2023\/02\/urgup-450x76.jpg 450w, https:\/\/vipsan.com.tr\/wp-content\/uploads\/2023\/02\/urgup.jpg 1128w\" sizes=\"(max-width: 1024px) 100vw, 1024px\" \/>","protected":false},"featured_media":2527,"comment_status":"closed","ping_status":"closed","template":"","meta":[],"product_cat":[57,63,66],"product_tag":[],"class_list":{"0":"post-2549","1":"product","2":"type-product","3":"status-publish","4":"has-post-thumbnail","6":"product_cat-aluminyum-paspaslar","7":"product_cat-ic-mekan-paspaslar","8":"product_cat-kapadokya","10":"first","11":"instock","12":"shipping-taxable","13":"product-type-simple"},"aioseo_notices":[],"_links":{"self":[{"href":"https:\/\/vipsan.com.tr\/index.php\/wp-json\/wp\/v2\/product\/2549","targetHints":{"allow":["GET"]}}],"collection":[{"href":"https:\/\/vipsan.com.tr\/index.php\/wp-json\/wp\/v2\/product"}],"about":[{"href":"https:\/\/vipsan.com.tr\/index.php\/wp-json\/wp\/v2\/types\/product"}],"replies":[{"embeddable":true,"href":"https:\/\/vipsan.com.tr\/index.php\/wp-json\/wp\/v2\/comments?post=2549"}],"version-history":[{"count":5,"href":"https:\/\/vipsan.com.tr\/index.php\/wp-json\/wp\/v2\/product\/2549\/revisions"}],"predecessor-version":[{"id":3182,"href":"https:\/\/vipsan.com.tr\/index.php\/wp-json\/wp\/v2\/product\/2549\/revisions\/3182"}],"wp:featuredmedia":[{"embeddable":true,"href":"https:\/\/vipsan.com.tr\/index.php\/wp-json\/wp\/v2\/media\/2527"}],"wp:attachment":[{"href":"https:\/\/vipsan.com.tr\/index.php\/wp-json\/wp\/v2\/media?parent=2549"}],"wp:term":[{"taxonomy":"product_cat","embeddable":true,"href":"https:\/\/vipsan.com.tr\/index.php\/wp-json\/wp\/v2\/product_cat?post=2549"},{"taxonomy":"product_tag","embeddable":true,"href":"https:\/\/vipsan.com.tr\/index.php\/wp-json\/wp\/v2\/product_tag?post=2549"}],"curies":[{"name":"wp","href":"https:\/\/api.w.org\/{rel}","templated":true}]}}