{"id":2540,"date":"2023-02-13T16:56:06","date_gmt":"2023-02-13T13:56:06","guid":{"rendered":"https:\/\/vipsan.com.tr\/?post_type=product&#038;p=2540"},"modified":"2024-05-24T16:38:15","modified_gmt":"2024-05-24T13:38:15","slug":"goreme","status":"publish","type":"product","link":"https:\/\/vipsan.com.tr\/index.php\/urun\/goreme\/","title":{"rendered":"G\u00f6reme"},"content":{"rendered":"\t\t<div data-elementor-type=\"product-post\" data-elementor-id=\"2540\" class=\"elementor elementor-2540\">\n\t\t\t\t\t\t<section class=\"elementor-section elementor-top-section elementor-element elementor-element-1d847212 elementor-section-boxed elementor-section-height-default elementor-section-height-default\" data-id=\"1d847212\" data-element_type=\"section\">\n\t\t\t\t\t\t<div class=\"elementor-container elementor-column-gap-default\">\n\t\t\t\t\t<div class=\"elementor-column elementor-col-100 elementor-top-column elementor-element elementor-element-9d21da0\" data-id=\"9d21da0\" data-element_type=\"column\">\n\t\t\t<div class=\"elementor-widget-wrap elementor-element-populated\">\n\t\t\t\t\t\t<div class=\"elementor-element elementor-element-562484a elementor-widget elementor-widget-html\" data-id=\"562484a\" data-element_type=\"widget\" data-widget_type=\"html.default\">\n\t\t\t\t<div class=\"elementor-widget-container\">\n\t\t\t<table style=\"width:75%\">\r\n  <tr>\r\n    <th>\u00dcr\u00fcn Ad\u0131 <\/th>\r\n    <td>\t\r\n\r\n\t\r\n\t\r\n\t\r\nKAPADOKYA \/ G\u00f6reme (S25)\r\nKlasik S\u0131y\u0131r\u0131c\u0131l\u0131 \u0130\u00e7ser<\/td>\r\n  <\/tr>\r\n  <tr>\r\n    <th>\r\n\u00dcr\u00fcn detay\u0131 <\/th>\r\n    <td>\t\r\n\t\r\n\t\r\n\t\r\n\t\r\nAl\u00fcminyum profil ta\u015f\u0131y\u0131c\u0131l\u0131, tekstil y\u00fczeyli, s\u0131y\u0131rt\u0131c\u0131 profille desteklenmi\u015f paspas.\r\n\r\n<\/td>\r\n  <\/tr>\r\n \r\n  <tr>\r\n    <th>\u00dcst Y\u00fczey<\/th>\r\n    <td>\t\r\n\t\r\n\t\r\nKir ve nem tutucu \u00f6zellikli \u00e7elik tabanl\u0131 hal\u0131,\r\n<\/td>\r\n  <\/tr>\r\n   <tr>\r\n    <th>Alt Y\u00fczey<\/th>\r\n    <td>\t\r\n\t\r\n\t\r\nKayma ve ses yapmay\u0131 \u00f6nleyici PVC \u015ferit kapl\u0131.<\/td>\r\n  <\/tr>\r\n    <\/tr>\r\n   <tr>\r\n    <th>Kullan\u0131m Alan\u0131<\/th>\r\n    <td>\t\r\n\t\r\nB\u00fct\u00fcn i\u00e7 mek\u00e2n giri\u015flerinde.<\/td>\r\n  <\/tr>\r\n     <tr>\r\n    <th>Ba\u011flant\u0131 Sistemleri<\/th>\r\n    <td>\t\r\n\t\r\nKod gidericili \u00fcr\u00fcnlerde korozyona dayan\u0131kl\u0131 \u00e7elik tel, Rulo olabilir \u00fcr\u00fcnlerde korozyona dayan\u0131kl\u0131 PVC kapl\u0131 \u00e7elik halatlarla montaj yap\u0131lmaktad\u0131r. Rulo olabilir \u00fcr\u00fcnlerde korozyona dayan\u0131kl\u0131 PVC kapl\u0131 \u00e7elik halatlarla montaj yap\u0131lmaktad\u0131r.\r\n<\/td>\r\n  <\/tr>\r\n     <tr>\r\n    <th>\r\nToplam Y\u00fckseklik<\/th>\r\n    <td>\t\r\n\t\r\n23 mm<\/td>\r\n  <\/tr>\r\n       <tr>\r\n    <th>\r\nA\u011f\u0131rl\u0131k<\/th>\r\n    <td>\t\r\n\t\r\n12 kg\/m\u00b2<\/td>\r\n  <\/tr>\r\n  \r\n<\/table>\r\n\r\n<\/body>\r\n<\/html>\t\t<\/div>\n\t\t\t\t<\/div>\n\t\t\t\t\t<\/div>\n\t\t<\/div>\n\t\t\t\t\t<\/div>\n\t\t<\/section>\n\t\t\t\t<\/div>\n\t\t","protected":false},"excerpt":{"rendered":"<div id='gallery-1' class='gallery galleryid-2540 gallery-columns-5 gallery-size-medium'><figure class='gallery-item'>\n\t\t\t<div class='gallery-icon landscape'>\n\t\t\t\t<img width=\"200\" height=\"80\" src=\"https:\/\/vipsan.com.tr\/wp-content\/uploads\/2023\/02\/siyah.jpg\" class=\"attachment-medium size-medium\" alt=\"\" aria-describedby=\"gallery-1-3165\" decoding=\"async\" \/>\n\t\t\t<\/div>\n\t\t\t\t<figcaption class='wp-caption-text gallery-caption' id='gallery-1-3165'>\n\t\t\t\tSiyah\n\t\t\t\t<\/figcaption><\/figure><figure class='gallery-item'>\n\t\t\t<div class='gallery-icon landscape'>\n\t\t\t\t<img width=\"200\" height=\"80\" src=\"https:\/\/vipsan.com.tr\/wp-content\/uploads\/2023\/02\/gri.jpg\" class=\"attachment-medium size-medium\" alt=\"\" aria-describedby=\"gallery-1-3163\" decoding=\"async\" \/>\n\t\t\t<\/div>\n\t\t\t\t<figcaption class='wp-caption-text gallery-caption' id='gallery-1-3163'>\n\t\t\t\tGri\n\t\t\t\t<\/figcaption><\/figure><figure class='gallery-item'>\n\t\t\t<div class='gallery-icon landscape'>\n\t\t\t\t<img width=\"200\" height=\"80\" src=\"https:\/\/vipsan.com.tr\/wp-content\/uploads\/2023\/02\/boncuk-mavi.jpg\" class=\"attachment-medium size-medium\" alt=\"\" aria-describedby=\"gallery-1-3162\" decoding=\"async\" \/>\n\t\t\t<\/div>\n\t\t\t\t<figcaption class='wp-caption-text gallery-caption' id='gallery-1-3162'>\n\t\t\t\tBoncuk Mavi\n\t\t\t\t<\/figcaption><\/figure><figure class='gallery-item'>\n\t\t\t<div class='gallery-icon landscape'>\n\t\t\t\t<img loading=\"lazy\" width=\"200\" height=\"80\" src=\"https:\/\/vipsan.com.tr\/wp-content\/uploads\/2023\/02\/tarcin.jpg\" class=\"attachment-medium size-medium\" alt=\"\" aria-describedby=\"gallery-1-3166\" decoding=\"async\" \/>\n\t\t\t<\/div>\n\t\t\t\t<figcaption class='wp-caption-text gallery-caption' id='gallery-1-3166'>\n\t\t\t\tTar\u00e7\u0131n\n\t\t\t\t<\/figcaption><\/figure><figure class='gallery-item'>\n\t\t\t<div class='gallery-icon landscape'>\n\t\t\t\t<img loading=\"lazy\" width=\"200\" height=\"80\" src=\"https:\/\/vipsan.com.tr\/wp-content\/uploads\/2023\/02\/kirmizi.jpg\" class=\"attachment-medium size-medium\" alt=\"\" aria-describedby=\"gallery-1-3164\" decoding=\"async\" \/>\n\t\t\t<\/div>\n\t\t\t\t<figcaption class='wp-caption-text gallery-caption' id='gallery-1-3164'>\n\t\t\t\tK\u0131rm\u0131z\u0131\n\t\t\t\t<\/figcaption><\/figure>\n\t\t<\/div>\n\r\n\r\n<img loading=\"lazy\" decoding=\"async\" class=\"alignnone wp-image-3183 size-large\" src=\"https:\/\/vipsan.com.tr\/wp-content\/uploads\/2023\/02\/avanos-1024x173.jpg\" alt=\"\" width=\"1024\" height=\"173\" srcset=\"https:\/\/vipsan.com.tr\/wp-content\/uploads\/2023\/02\/avanos-1024x173.jpg 1024w, https:\/\/vipsan.com.tr\/wp-content\/uploads\/2023\/02\/avanos-300x51.jpg 300w, https:\/\/vipsan.com.tr\/wp-content\/uploads\/2023\/02\/avanos-768x130.jpg 768w, https:\/\/vipsan.com.tr\/wp-content\/uploads\/2023\/02\/avanos-280x47.jpg 280w, https:\/\/vipsan.com.tr\/wp-content\/uploads\/2023\/02\/avanos-450x76.jpg 450w, https:\/\/vipsan.com.tr\/wp-content\/uploads\/2023\/02\/avanos.jpg 1128w\" sizes=\"(max-width: 1024px) 100vw, 1024px\" \/>","protected":false},"featured_media":2512,"comment_status":"closed","ping_status":"closed","template":"","meta":[],"product_cat":[57,63,66],"product_tag":[],"class_list":{"0":"post-2540","1":"product","2":"type-product","3":"status-publish","4":"has-post-thumbnail","6":"product_cat-aluminyum-paspaslar","7":"product_cat-ic-mekan-paspaslar","8":"product_cat-kapadokya","10":"first","11":"instock","12":"shipping-taxable","13":"product-type-simple"},"aioseo_notices":[],"_links":{"self":[{"href":"https:\/\/vipsan.com.tr\/index.php\/wp-json\/wp\/v2\/product\/2540","targetHints":{"allow":["GET"]}}],"collection":[{"href":"https:\/\/vipsan.com.tr\/index.php\/wp-json\/wp\/v2\/product"}],"about":[{"href":"https:\/\/vipsan.com.tr\/index.php\/wp-json\/wp\/v2\/types\/product"}],"replies":[{"embeddable":true,"href":"https:\/\/vipsan.com.tr\/index.php\/wp-json\/wp\/v2\/comments?post=2540"}],"version-history":[{"count":9,"href":"https:\/\/vipsan.com.tr\/index.php\/wp-json\/wp\/v2\/product\/2540\/revisions"}],"predecessor-version":[{"id":3184,"href":"https:\/\/vipsan.com.tr\/index.php\/wp-json\/wp\/v2\/product\/2540\/revisions\/3184"}],"wp:featuredmedia":[{"embeddable":true,"href":"https:\/\/vipsan.com.tr\/index.php\/wp-json\/wp\/v2\/media\/2512"}],"wp:attachment":[{"href":"https:\/\/vipsan.com.tr\/index.php\/wp-json\/wp\/v2\/media?parent=2540"}],"wp:term":[{"taxonomy":"product_cat","embeddable":true,"href":"https:\/\/vipsan.com.tr\/index.php\/wp-json\/wp\/v2\/product_cat?post=2540"},{"taxonomy":"product_tag","embeddable":true,"href":"https:\/\/vipsan.com.tr\/index.php\/wp-json\/wp\/v2\/product_tag?post=2540"}],"curies":[{"name":"wp","href":"https:\/\/api.w.org\/{rel}","templated":true}]}}