{"id":2534,"date":"2023-02-13T16:56:06","date_gmt":"2023-02-13T13:56:06","guid":{"rendered":"https:\/\/vipsan.com.tr\/?post_type=product&#038;p=2534"},"modified":"2024-05-27T10:02:19","modified_gmt":"2024-05-27T07:02:19","slug":"abant","status":"publish","type":"product","link":"https:\/\/vipsan.com.tr\/index.php\/urun\/abant\/","title":{"rendered":"Abant"},"content":{"rendered":"\t\t<div data-elementor-type=\"product-post\" data-elementor-id=\"2534\" class=\"elementor elementor-2534\">\n\t\t\t\t\t\t<section class=\"elementor-section elementor-top-section elementor-element elementor-element-3d8b04dd elementor-section-boxed elementor-section-height-default elementor-section-height-default\" data-id=\"3d8b04dd\" data-element_type=\"section\">\n\t\t\t\t\t\t<div class=\"elementor-container elementor-column-gap-default\">\n\t\t\t\t\t<div class=\"elementor-column elementor-col-100 elementor-top-column elementor-element elementor-element-638f798e\" data-id=\"638f798e\" data-element_type=\"column\">\n\t\t\t<div class=\"elementor-widget-wrap elementor-element-populated\">\n\t\t\t\t\t\t<div class=\"elementor-element elementor-element-fff0df1 elementor-widget elementor-widget-html\" data-id=\"fff0df1\" data-element_type=\"widget\" data-widget_type=\"html.default\">\n\t\t\t\t<div class=\"elementor-widget-container\">\n\t\t\t<table style=\"width:75%\">\r\n  <tr>\r\n    <th>\u00dcr\u00fcn Ad\u0131 <\/th>\r\n    <td>\t\r\n\t\r\n\t\r\n\t\r\n\t\r\nKA\u00c7KAR \/ Abant (PF26)\r\nKlasik \u00c7akma F\u0131r\u00e7al\u0131 D\u0131\u015fser<\/td>\r\n  <\/tr>\r\n  <tr>\r\n    <th>\r\n\u00dcr\u00fcn detay\u0131 <\/th>\r\n    <td>\t\r\n\t\r\nAl\u00fcminyum profil ta\u015f\u0131y\u0131c\u0131l\u0131, PVC ve \u00c7akma F\u0131r\u00e7a y\u00fczey kaplamal\u0131 paspas,\r\n\r\n<\/td>\r\n  <\/tr>\r\n \r\n  <tr>\r\n    <th>\u00dcst Y\u00fczey<\/th>\r\n    <td>\t\r\nKir tutucu \u00f6zellikli, thermo soft PVC-P y\u00fczey kaplamal\u0131, PVC g\u00f6vde \u00fczerine \u00e7ak\u0131lm\u0131\u015f naylon 6 kalitesinde f\u0131r\u00e7a.<\/td>\r\n  <\/tr>\r\n   <tr>\r\n    <th>Alt Y\u00fczey<\/th>\r\n    <td>\t\r\nKayma ve ses yapmay\u0131 \u00f6nleyici PVC \u015ferit kapl\u0131.<\/td>\r\n  <\/tr>\r\n    <\/tr>\r\n   <tr>\r\n    <th>Kullan\u0131m Alan\u0131<\/th>\r\n    <td>\t\r\nB\u00fct\u00fcn d\u0131\u015f mek\u00e2n giri\u015flerinde.<\/td>\r\n  <\/tr>\r\n     <tr>\r\n    <th>Ba\u011flant\u0131 Sistemleri<\/th>\r\n    <td>\t\r\nKod gidericili \u00fcr\u00fcnlerde korozyona dayan\u0131kl\u0131 \u00e7elik tel, Rulo olabilir \u00fcr\u00fcnlerde korozyona dayan\u0131kl\u0131 PVC kapl\u0131 \u00e7elik halatlarla montaj yap\u0131lmaktad\u0131r.\r\n\r\n\r\n<\/td>\r\n  <\/tr>\r\n     <tr>\r\n    <th>\r\nToplam Y\u00fckseklik<\/th>\r\n    <td>\t\r\n23 mm<\/td>\r\n  <\/tr>\r\n       <tr>\r\n    <th>\r\nA\u011f\u0131rl\u0131k<\/th>\r\n    <td>\t\r\n15,5 kg\/m\u00b2<\/td>\r\n  <\/tr>\r\n  \r\n<\/table>\r\n\r\n<\/body>\r\n<\/html>\t\t<\/div>\n\t\t\t\t<\/div>\n\t\t\t\t\t<\/div>\n\t\t<\/div>\n\t\t\t\t\t<\/div>\n\t\t<\/section>\n\t\t\t\t<\/div>\n\t\t","protected":false},"excerpt":{"rendered":"<img decoding=\"async\" class=\"alignnone size-medium wp-image-3194\" src=\"https:\/\/vipsan.com.tr\/wp-content\/uploads\/2023\/02\/ayder-1-300x132.jpg\" alt=\"\" width=\"300\" height=\"132\" srcset=\"https:\/\/vipsan.com.tr\/wp-content\/uploads\/2023\/02\/ayder-1-300x132.jpg 300w, https:\/\/vipsan.com.tr\/wp-content\/uploads\/2023\/02\/ayder-1-280x124.jpg 280w, https:\/\/vipsan.com.tr\/wp-content\/uploads\/2023\/02\/ayder-1-450x199.jpg 450w, https:\/\/vipsan.com.tr\/wp-content\/uploads\/2023\/02\/ayder-1.jpg 501w\" sizes=\"(max-width: 300px) 100vw, 300px\" \/>\r\n<h6>PVC Renkleri<\/h6>\r\n<img decoding=\"async\" class=\"alignnone size-medium wp-image-3187\" src=\"https:\/\/vipsan.com.tr\/wp-content\/uploads\/2023\/02\/pvcrenkleri-300x100.jpg\" alt=\"\" width=\"300\" height=\"100\" srcset=\"https:\/\/vipsan.com.tr\/wp-content\/uploads\/2023\/02\/pvcrenkleri-300x100.jpg 300w, https:\/\/vipsan.com.tr\/wp-content\/uploads\/2023\/02\/pvcrenkleri-280x93.jpg 280w, https:\/\/vipsan.com.tr\/wp-content\/uploads\/2023\/02\/pvcrenkleri-450x149.jpg 450w, https:\/\/vipsan.com.tr\/wp-content\/uploads\/2023\/02\/pvcrenkleri.jpg 467w\" sizes=\"(max-width: 300px) 100vw, 300px\" \/>\r\n<h6>\u00c7akma F\u0131r\u00e7a Renkleri<\/h6>\r\n<img decoding=\"async\" class=\"alignnone size-medium wp-image-3192\" src=\"https:\/\/vipsan.com.tr\/wp-content\/uploads\/2023\/02\/cakmafircarenklere-300x100.jpg\" alt=\"\" width=\"300\" height=\"100\" srcset=\"https:\/\/vipsan.com.tr\/wp-content\/uploads\/2023\/02\/cakmafircarenklere-300x100.jpg 300w, https:\/\/vipsan.com.tr\/wp-content\/uploads\/2023\/02\/cakmafircarenklere-280x93.jpg 280w, https:\/\/vipsan.com.tr\/wp-content\/uploads\/2023\/02\/cakmafircarenklere-450x149.jpg 450w, https:\/\/vipsan.com.tr\/wp-content\/uploads\/2023\/02\/cakmafircarenklere.jpg 467w\" sizes=\"(max-width: 300px) 100vw, 300px\" \/>","protected":false},"featured_media":2313,"comment_status":"closed","ping_status":"closed","template":"","meta":[],"product_cat":[57,64,69],"product_tag":[],"class_list":{"0":"post-2534","1":"product","2":"type-product","3":"status-publish","4":"has-post-thumbnail","6":"product_cat-aluminyum-paspaslar","7":"product_cat-dis-mekan-paspaslar","8":"product_cat-kackar","10":"first","11":"instock","12":"shipping-taxable","13":"product-type-simple"},"aioseo_notices":[],"_links":{"self":[{"href":"https:\/\/vipsan.com.tr\/index.php\/wp-json\/wp\/v2\/product\/2534","targetHints":{"allow":["GET"]}}],"collection":[{"href":"https:\/\/vipsan.com.tr\/index.php\/wp-json\/wp\/v2\/product"}],"about":[{"href":"https:\/\/vipsan.com.tr\/index.php\/wp-json\/wp\/v2\/types\/product"}],"replies":[{"embeddable":true,"href":"https:\/\/vipsan.com.tr\/index.php\/wp-json\/wp\/v2\/comments?post=2534"}],"version-history":[{"count":5,"href":"https:\/\/vipsan.com.tr\/index.php\/wp-json\/wp\/v2\/product\/2534\/revisions"}],"predecessor-version":[{"id":3195,"href":"https:\/\/vipsan.com.tr\/index.php\/wp-json\/wp\/v2\/product\/2534\/revisions\/3195"}],"wp:featuredmedia":[{"embeddable":true,"href":"https:\/\/vipsan.com.tr\/index.php\/wp-json\/wp\/v2\/media\/2313"}],"wp:attachment":[{"href":"https:\/\/vipsan.com.tr\/index.php\/wp-json\/wp\/v2\/media?parent=2534"}],"wp:term":[{"taxonomy":"product_cat","embeddable":true,"href":"https:\/\/vipsan.com.tr\/index.php\/wp-json\/wp\/v2\/product_cat?post=2534"},{"taxonomy":"product_tag","embeddable":true,"href":"https:\/\/vipsan.com.tr\/index.php\/wp-json\/wp\/v2\/product_tag?post=2534"}],"curies":[{"name":"wp","href":"https:\/\/api.w.org\/{rel}","templated":true}]}}